{"id":1667,"date":"2020-12-04T16:34:06","date_gmt":"2020-12-04T19:34:06","guid":{"rendered":"https:\/\/feiraecologica.com.br\/fae\/?page_id=1667"},"modified":"2020-12-04T17:00:17","modified_gmt":"2020-12-04T20:00:17","slug":"associacao-agroecologica","status":"publish","type":"page","link":"https:\/\/feiraecologica.com.br\/fae\/associacao-agroecologica\/","title":{"rendered":"Associa\u00e7\u00e3o Agroecol\u00f3gica"},"content":{"rendered":"<p>[vc_row][vc_column]<div class=\"sc_layouts sc_layouts_default sc_layouts_1669\">[vc_row full_width=\"stretch_row\" css=\".vc_custom_1603976902571{background-position: center !important;background-repeat: no-repeat !important;background-size: cover !important;}\"][vc_column icons_position=\"left\"][vc_empty_space alter_height=\"huge\" hide_on_mobile=\"\"]<div class=\"sc_layouts_item\"><div id=\"sc_title_1236452323\"\n\t\tclass=\"sc_title color_style_default sc_title_default\"><h3 class=\"sc_item_title sc_title_title sc_align_center sc_item_title_style_default\">Associa\u00e7\u00e3o dos Agricultores Ecologistas Solid\u00e1rios do RS (Associa\u00e7\u00e3o Agroecol\u00f3gica)<\/h3><\/div><!-- \/.sc_title --><\/div>[vc_row_inner row_delimiter=\"\" css=\".vc_custom_1607111737007{margin-bottom: 60px !important;}\"][vc_column_inner icons_position=\"left\"][vc_column_text]<img loading=\"lazy\" decoding=\"async\" class=\"alignleft wp-image-1671\" src=\"https:\/\/feiraecologica.com.br\/fae\/wp-content\/uploads\/2020\/12\/LOGO-AGROECOL\u00d3GICA.png\" alt=\"\" width=\"150\" height=\"150\" srcset=\"https:\/\/feiraecologica.com.br\/fae\/wp-content\/uploads\/2020\/12\/LOGO-AGROECOL\u00d3GICA.png 1500w, https:\/\/feiraecologica.com.br\/fae\/wp-content\/uploads\/2020\/12\/LOGO-AGROECOL\u00d3GICA-300x300.png 300w, https:\/\/feiraecologica.com.br\/fae\/wp-content\/uploads\/2020\/12\/LOGO-AGROECOL\u00d3GICA-1024x1024.png 1024w, https:\/\/feiraecologica.com.br\/fae\/wp-content\/uploads\/2020\/12\/LOGO-AGROECOL\u00d3GICA-150x150.png 150w, https:\/\/feiraecologica.com.br\/fae\/wp-content\/uploads\/2020\/12\/LOGO-AGROECOL\u00d3GICA-768x768.png 768w, https:\/\/feiraecologica.com.br\/fae\/wp-content\/uploads\/2020\/12\/LOGO-AGROECOL\u00d3GICA-370x370.png 370w, https:\/\/feiraecologica.com.br\/fae\/wp-content\/uploads\/2020\/12\/LOGO-AGROECOL\u00d3GICA-470x470.png 470w, https:\/\/feiraecologica.com.br\/fae\/wp-content\/uploads\/2020\/12\/LOGO-AGROECOL\u00d3GICA-940x940.png 940w, https:\/\/feiraecologica.com.br\/fae\/wp-content\/uploads\/2020\/12\/LOGO-AGROECOL\u00d3GICA-180x180.png 180w, https:\/\/feiraecologica.com.br\/fae\/wp-content\/uploads\/2020\/12\/LOGO-AGROECOL\u00d3GICA-360x360.png 360w, https:\/\/feiraecologica.com.br\/fae\/wp-content\/uploads\/2020\/12\/LOGO-AGROECOL\u00d3GICA-760x760.png 760w, https:\/\/feiraecologica.com.br\/fae\/wp-content\/uploads\/2020\/12\/LOGO-AGROECOL\u00d3GICA-740x740.png 740w\" sizes=\"auto, (max-width: 150px) 100vw, 150px\" \/>A Associa\u00e7\u00e3o dos Agricultores Ecologistas Solid\u00e1rios do RS (Associa\u00e7\u00e3o Agroecol\u00f3gica) \u00e9 uma organiza\u00e7\u00e3o da sociedade civil formada por fam\u00edlias, grupos e cooperativas de agricultores ecol\u00f3gicos. Fundada em 01\/05\/2006 veio dar sequ\u00eancia ao trabalho da Cooperativa Ecol\u00f3gica Coolm\u00e9ia, ber\u00e7o do movimento ambientalista ga\u00facho e das feiras ecol\u00f3gicas no Brasil.\r\n<p style=\"text-align: left;\">Atualmente ela atua diretamente na gest\u00e3o de feiras ecol\u00f3gicas de Porto Alegre\/RS, por onde aproximadamente 500 fam\u00edlias de agricultores familiares que produzem em sintonia com o meio ambiente escoam sua produ\u00e7\u00e3o. A Associa\u00e7\u00e3o Agroecol\u00f3gica tamb\u00e9m estimula a pr\u00e1tica da agroecologia, educa\u00e7\u00e3o ambiental e ativismo ecol\u00f3gico, buscando a constru\u00e7\u00e3o de um outro mundo poss\u00edvel, mais solid\u00e1rio, socialmente justo e ambientalmente sustent\u00e1vel.<\/p>\r\n<a href=\"https:\/\/www.instagram.com\/associacao_agroecologica\/\" target=\"_blank\" rel=\"noopener\">Acesse aqui o Instagram da Associa\u00e7\u00e3o Agroecol\u00f3gica<\/a>\r\n\r\n[\/vc_column_text][\/vc_column_inner][\/vc_row_inner][vc_row_inner][vc_column_inner icons_position=\"left\"][vc_column_text]\r\n\r\n<style type=\"text\/css\">\n#foogallery-gallery-1680 .fg-image { width: 150px; }\n#foogallery-gallery-1680 { --fg-gutter: 10px; }<\/style>\n\t\t\t<div class=\"foogallery foogallery-container foogallery-default foogallery-lightbox-none fg-center fg-default fg-ready fg-light fg-round-small fg-shadow-outline fg-loading-default fg-loaded-fade-in fg-caption-hover fg-hover-fade fg-hover-zoom\" id=\"foogallery-gallery-1680\" data-foogallery=\"{&quot;item&quot;:{&quot;showCaptionTitle&quot;:true,&quot;showCaptionDescription&quot;:true},&quot;lazy&quot;:true}\" style=\"--fg-title-line-clamp: 0; --fg-description-line-clamp: 0;\" >\n\t<div class=\"fg-item fg-type-image fg-idle\"><figure class=\"fg-item-inner\"><a href=\"https:\/\/feiraecologica.com.br\/fae\/wp-content\/uploads\/2020\/12\/Assembleia-Junho-2019-1.jpg\" data-attachment-id=\"1679\" data-type=\"image\" class=\"fg-thumb\"><span class=\"fg-image-wrap\"><img decoding=\"async\" width=\"150\" height=\"150\" class=\"skip-lazy fg-image\" data-src-fg=\"https:\/\/feiraecologica.com.br\/fae\/wp-content\/uploads\/cache\/2020\/12\/Assembleia-Junho-2019-1\/3754904660.jpg\" src=\"data:image\/svg+xml,%3Csvg%20xmlns%3D%22http%3A%2F%2Fwww.w3.org%2F2000%2Fsvg%22%20width%3D%22150%22%20height%3D%22150%22%20viewBox%3D%220%200%20150%20150%22%3E%3C%2Fsvg%3E\" loading=\"eager\"><\/span><span class=\"fg-image-overlay\"><\/span><\/a><\/figure><div class=\"fg-loader\"><\/div><\/div><div class=\"fg-item fg-type-image fg-idle\"><figure class=\"fg-item-inner\"><a href=\"https:\/\/feiraecologica.com.br\/fae\/wp-content\/uploads\/2020\/12\/DSCF4040.jpg\" data-attachment-id=\"1678\" data-type=\"image\" class=\"fg-thumb\"><span class=\"fg-image-wrap\"><img decoding=\"async\" width=\"150\" height=\"150\" class=\"skip-lazy fg-image\" data-src-fg=\"https:\/\/feiraecologica.com.br\/fae\/wp-content\/uploads\/cache\/2020\/12\/DSCF4040\/2834205338.jpg\" src=\"data:image\/svg+xml,%3Csvg%20xmlns%3D%22http%3A%2F%2Fwww.w3.org%2F2000%2Fsvg%22%20width%3D%22150%22%20height%3D%22150%22%20viewBox%3D%220%200%20150%20150%22%3E%3C%2Fsvg%3E\" loading=\"eager\"><\/span><span class=\"fg-image-overlay\"><\/span><\/a><\/figure><div class=\"fg-loader\"><\/div><\/div><div class=\"fg-item fg-type-image fg-idle\"><figure class=\"fg-item-inner\"><a href=\"https:\/\/feiraecologica.com.br\/fae\/wp-content\/uploads\/2020\/12\/DSCF3985.jpg\" data-attachment-id=\"1677\" data-type=\"image\" class=\"fg-thumb\"><span class=\"fg-image-wrap\"><img decoding=\"async\" width=\"150\" height=\"150\" class=\"skip-lazy fg-image\" data-src-fg=\"https:\/\/feiraecologica.com.br\/fae\/wp-content\/uploads\/cache\/2020\/12\/DSCF3985\/2220249152.jpg\" src=\"data:image\/svg+xml,%3Csvg%20xmlns%3D%22http%3A%2F%2Fwww.w3.org%2F2000%2Fsvg%22%20width%3D%22150%22%20height%3D%22150%22%20viewBox%3D%220%200%20150%20150%22%3E%3C%2Fsvg%3E\" loading=\"eager\"><\/span><span class=\"fg-image-overlay\"><\/span><\/a><\/figure><div class=\"fg-loader\"><\/div><\/div><div class=\"fg-item fg-type-image fg-idle\"><figure class=\"fg-item-inner\"><a href=\"https:\/\/feiraecologica.com.br\/fae\/wp-content\/uploads\/2020\/12\/DSCF2959.jpg\" data-attachment-id=\"1676\" data-type=\"image\" class=\"fg-thumb\"><span class=\"fg-image-wrap\"><img decoding=\"async\" width=\"150\" height=\"150\" class=\"skip-lazy fg-image\" data-src-fg=\"https:\/\/feiraecologica.com.br\/fae\/wp-content\/uploads\/cache\/2020\/12\/DSCF2959\/329394484.jpg\" src=\"data:image\/svg+xml,%3Csvg%20xmlns%3D%22http%3A%2F%2Fwww.w3.org%2F2000%2Fsvg%22%20width%3D%22150%22%20height%3D%22150%22%20viewBox%3D%220%200%20150%20150%22%3E%3C%2Fsvg%3E\" loading=\"eager\"><\/span><span class=\"fg-image-overlay\"><\/span><\/a><\/figure><div class=\"fg-loader\"><\/div><\/div><div class=\"fg-item fg-type-image fg-idle\"><figure class=\"fg-item-inner\"><a href=\"https:\/\/feiraecologica.com.br\/fae\/wp-content\/uploads\/2020\/12\/Assembleia-Junho-2019-2.jpg\" data-attachment-id=\"1675\" data-type=\"image\" class=\"fg-thumb\"><span class=\"fg-image-wrap\"><img decoding=\"async\" width=\"150\" height=\"150\" class=\"skip-lazy fg-image\" data-src-fg=\"https:\/\/feiraecologica.com.br\/fae\/wp-content\/uploads\/cache\/2020\/12\/Assembleia-Junho-2019-2\/3000155984.jpg\" src=\"data:image\/svg+xml,%3Csvg%20xmlns%3D%22http%3A%2F%2Fwww.w3.org%2F2000%2Fsvg%22%20width%3D%22150%22%20height%3D%22150%22%20viewBox%3D%220%200%20150%20150%22%3E%3C%2Fsvg%3E\" loading=\"eager\"><\/span><span class=\"fg-image-overlay\"><\/span><\/a><\/figure><div class=\"fg-loader\"><\/div><\/div><div class=\"fg-item fg-type-image fg-idle\"><figure class=\"fg-item-inner\"><a href=\"https:\/\/feiraecologica.com.br\/fae\/wp-content\/uploads\/2020\/12\/DSCF4095.jpg\" data-attachment-id=\"1674\" data-type=\"image\" class=\"fg-thumb\"><span class=\"fg-image-wrap\"><img decoding=\"async\" width=\"150\" height=\"150\" class=\"skip-lazy fg-image\" data-src-fg=\"https:\/\/feiraecologica.com.br\/fae\/wp-content\/uploads\/cache\/2020\/12\/DSCF4095\/2363261439.jpg\" src=\"data:image\/svg+xml,%3Csvg%20xmlns%3D%22http%3A%2F%2Fwww.w3.org%2F2000%2Fsvg%22%20width%3D%22150%22%20height%3D%22150%22%20viewBox%3D%220%200%20150%20150%22%3E%3C%2Fsvg%3E\" loading=\"eager\"><\/span><span class=\"fg-image-overlay\"><\/span><\/a><\/figure><div class=\"fg-loader\"><\/div><\/div><div class=\"fg-item fg-type-image fg-idle\"><figure class=\"fg-item-inner\"><a href=\"https:\/\/feiraecologica.com.br\/fae\/wp-content\/uploads\/2020\/12\/DSCF4053.jpg\" data-attachment-id=\"1673\" data-type=\"image\" class=\"fg-thumb\"><span class=\"fg-image-wrap\"><img decoding=\"async\" width=\"150\" height=\"150\" class=\"skip-lazy fg-image\" data-src-fg=\"https:\/\/feiraecologica.com.br\/fae\/wp-content\/uploads\/cache\/2020\/12\/DSCF4053\/315875051.jpg\" src=\"data:image\/svg+xml,%3Csvg%20xmlns%3D%22http%3A%2F%2Fwww.w3.org%2F2000%2Fsvg%22%20width%3D%22150%22%20height%3D%22150%22%20viewBox%3D%220%200%20150%20150%22%3E%3C%2Fsvg%3E\" loading=\"eager\"><\/span><span class=\"fg-image-overlay\"><\/span><\/a><\/figure><div class=\"fg-loader\"><\/div><\/div><\/div>\n\r\n\r\n[\/vc_column_text][\/vc_column_inner][\/vc_row_inner][vc_empty_space alter_height=\"huge\" hide_on_mobile=\"\"][vc_empty_space alter_height=\"medium\" hide_on_mobile=\"\"][\/vc_column][\/vc_row]<\/div>[\/vc_column][\/vc_row]<\/p>\n","protected":false},"excerpt":{"rendered":"<p>[vc_row][vc_column][\/vc_column][\/vc_row]<\/p>\n","protected":false},"author":1,"featured_media":0,"parent":0,"menu_order":0,"comment_status":"closed","ping_status":"closed","template":"","meta":{"footnotes":""},"class_list":["post-1667","page","type-page","status-publish","hentry"],"_links":{"self":[{"href":"https:\/\/feiraecologica.com.br\/fae\/wp-json\/wp\/v2\/pages\/1667","targetHints":{"allow":["GET"]}}],"collection":[{"href":"https:\/\/feiraecologica.com.br\/fae\/wp-json\/wp\/v2\/pages"}],"about":[{"href":"https:\/\/feiraecologica.com.br\/fae\/wp-json\/wp\/v2\/types\/page"}],"author":[{"embeddable":true,"href":"https:\/\/feiraecologica.com.br\/fae\/wp-json\/wp\/v2\/users\/1"}],"replies":[{"embeddable":true,"href":"https:\/\/feiraecologica.com.br\/fae\/wp-json\/wp\/v2\/comments?post=1667"}],"version-history":[{"count":3,"href":"https:\/\/feiraecologica.com.br\/fae\/wp-json\/wp\/v2\/pages\/1667\/revisions"}],"predecessor-version":[{"id":1681,"href":"https:\/\/feiraecologica.com.br\/fae\/wp-json\/wp\/v2\/pages\/1667\/revisions\/1681"}],"wp:attachment":[{"href":"https:\/\/feiraecologica.com.br\/fae\/wp-json\/wp\/v2\/media?parent=1667"}],"curies":[{"name":"wp","href":"https:\/\/api.w.org\/{rel}","templated":true}]}}